{"id":118,"date":"2017-01-03T16:40:21","date_gmt":"2017-01-03T16:40:21","guid":{"rendered":"http:\/\/prague.foxthemes.me\/?page_id=118"},"modified":"2024-08-29T11:20:51","modified_gmt":"2024-08-29T11:20:51","slug":"contactos","status":"publish","type":"page","link":"https:\/\/www.sousalopes.com\/index.php\/contactos\/","title":{"rendered":"Contactos"},"content":{"rendered":"<section class=\"wpb-content-wrapper\"><p>[vc_row full_width=&#8221;stretch_row_content_no_spaces&#8221;][vc_column][vc_banner_title style=&#8221;big&#8221; color_style=&#8221;light&#8221; title=&#8221;CONTACTE-NOS&#8221; img=&#8221;4052&#8243; enable_overlay=&#8221;true&#8221; columns=&#8221;%5B%7B%7D%5D&#8221;][\/vc_banner_title][\/vc_column][\/vc_row][vc_row desctop_mt=&#8221;margin-lg-75t&#8221; tablets_mt=&#8221;margin-sm-50t&#8221;][vc_column offset=&#8221;vc_col-lg-offset-0 vc_col-lg-6 vc_col-md-offset-0 vc_col-md-6 vc_col-sm-offset-0 vc_col-xs-12&#8243;][vc_headings title=&#8221;Vamos come\u00e7ar um novo projecto!&#8221; subtitle=&#8221;CONTACTO&#8221;]Agora que j\u00e1 sabe quem somos, tem a possibilidade de entrar em contacto connosco, lan\u00e7ando-nos um novo desafio.[\/vc_headings][vc_row_inner css=&#8221;.vc_custom_1484117815051{margin-top: 30px !important;}&#8221;][vc_column_inner width=&#8221;1\/2&#8243;][vc_address title=&#8221;TELEFONE&#8221; separator=&#8221;true&#8221;]<a href=\"tel:+351262824133\">+351 262 824 133<\/a><br \/>\n<a href=\"tel:+351916394440\">+351 916 394 440<\/a>[\/vc_address][\/vc_column_inner][vc_column_inner width=&#8221;1\/2&#8243;][vc_address title=&#8221;EMAIL&#8221; separator=&#8221;true&#8221;]<a href=\"mailto:arqsousalopes@gmail.com\">arqsousalopes@gmail.com<\/a>[\/vc_address][\/vc_column_inner][\/vc_row_inner][\/vc_column][vc_column desctop_mt=&#8221;margin-lg-170t&#8221; tablets_mt=&#8221;margin-sm-30t&#8221; offset=&#8221;vc_col-md-6 vc_col-xs-12&#8243; css=&#8221;.vc_custom_1489346554831{padding-top: 10px !important;}&#8221;][vc_formidable form=&#8221;1&#8243;][\/vc_column][\/vc_row][vc_row desctop_mt=&#8221;margin-lg-60t&#8221; tablets_mt=&#8221;margin-sm-20t&#8221;][vc_column][vc_headings title=&#8221;Venha conhecer-nos.&#8221; subtitle=&#8221;ONDE ESTAMOS&#8221;][\/vc_headings][\/vc_column][\/vc_row][vc_row equal_height=&#8221;yes&#8221; desctop_mt=&#8221;margin-lg-35t&#8221; desctop_mb=&#8221;margin-lg-140b&#8221; tablets_mt=&#8221;margin-sm-20t&#8221; tablets_mb=&#8221;margin-sm-70b&#8221;][vc_column][vc_address image=&#8221;4130&#8243; title=&#8221;ATELIER&#8221; separator=&#8221;true&#8221;]Rua Dr. Artur Figueiroa Rego 6<\/p>\n<p>2500-301 Caldas da Rainha<\/p>\n<p>Portugal[\/vc_address][\/vc_column][\/vc_row]<\/p>\n<\/section>","protected":false},"excerpt":{"rendered":"<p>[vc_row full_width=&#8221;stretch_row_content_no_spaces&#8221;][vc_column][vc_banner_title style=&#8221;big&#8221; color_style=&#8221;light&#8221; title=&#8221;CONTACTE-NOS&#8221; img=&#8221;4052&#8243; enable_overlay=&#8221;true&#8221; columns=&#8221;%5B%7B%7D%5D&#8221;][\/vc_banner_title][\/vc_column][\/vc_row][vc_row desctop_mt=&#8221;margin-lg-75t&#8221; tablets_mt=&#8221;margin-sm-50t&#8221;][vc_column offset=&#8221;vc_col-lg-offset-0 vc_col-lg-6 vc_col-md-offset-0 vc_col-md-6 vc_col-sm-offset-0 vc_col-xs-12&#8243;][vc_headings title=&#8221;Vamos come\u00e7ar um novo<\/p>\n","protected":false},"author":1,"featured_media":0,"parent":0,"menu_order":0,"comment_status":"closed","ping_status":"closed","template":"","meta":{"footnotes":""},"class_list":["post-118","page","type-page","status-publish","hentry"],"yoast_head":"<!-- This site is optimized with the Yoast SEO plugin v26.8 - https:\/\/yoast.com\/product\/yoast-seo-wordpress\/ -->\n<title>Contactos - Arquitectos Sousa Lopes<\/title>\n<meta name=\"robots\" content=\"index, follow, max-snippet:-1, max-image-preview:large, max-video-preview:-1\" \/>\n<link rel=\"canonical\" href=\"https:\/\/www.sousalopes.com\/index.php\/contactos\/\" \/>\n<meta property=\"og:locale\" content=\"pt_PT\" \/>\n<meta property=\"og:type\" content=\"article\" \/>\n<meta property=\"og:title\" content=\"Contactos - Arquitectos Sousa Lopes\" \/>\n<meta property=\"og:description\" content=\"[vc_row full_width=&#8221;stretch_row_content_no_spaces&#8221;][vc_column][vc_banner_title style=&#8221;big&#8221; color_style=&#8221;light&#8221; title=&#8221;CONTACTE-NOS&#8221; img=&#8221;4052&#8243; enable_overlay=&#8221;true&#8221; columns=&#8221;%5B%7B%7D%5D&#8221;][\/vc_banner_title][\/vc_column][\/vc_row][vc_row desctop_mt=&#8221;margin-lg-75t&#8221; tablets_mt=&#8221;margin-sm-50t&#8221;][vc_column offset=&#8221;vc_col-lg-offset-0 vc_col-lg-6 vc_col-md-offset-0 vc_col-md-6 vc_col-sm-offset-0 vc_col-xs-12&#8243;][vc_headings title=&#8221;Vamos come\u00e7ar um novo\" \/>\n<meta property=\"og:url\" content=\"https:\/\/www.sousalopes.com\/index.php\/contactos\/\" \/>\n<meta property=\"og:site_name\" content=\"Arquitectos Sousa Lopes\" \/>\n<meta property=\"article:publisher\" content=\"https:\/\/pt-pt.facebook.com\/sousalopesarquitectos\" \/>\n<meta property=\"article:modified_time\" content=\"2024-08-29T11:20:51+00:00\" \/>\n<meta name=\"twitter:card\" content=\"summary_large_image\" \/>\n<meta name=\"twitter:label1\" content=\"Tempo estimado de leitura\" \/>\n\t<meta name=\"twitter:data1\" content=\"1 minuto\" \/>\n<script type=\"application\/ld+json\" class=\"yoast-schema-graph\">{\"@context\":\"https:\/\/schema.org\",\"@graph\":[{\"@type\":\"WebPage\",\"@id\":\"https:\/\/www.sousalopes.com\/index.php\/contactos\/\",\"url\":\"https:\/\/www.sousalopes.com\/index.php\/contactos\/\",\"name\":\"Contactos - Arquitectos Sousa Lopes\",\"isPartOf\":{\"@id\":\"https:\/\/www.sousalopes.com\/#website\"},\"datePublished\":\"2017-01-03T16:40:21+00:00\",\"dateModified\":\"2024-08-29T11:20:51+00:00\",\"breadcrumb\":{\"@id\":\"https:\/\/www.sousalopes.com\/index.php\/contactos\/#breadcrumb\"},\"inLanguage\":\"pt-PT\",\"potentialAction\":[{\"@type\":\"ReadAction\",\"target\":[\"https:\/\/www.sousalopes.com\/index.php\/contactos\/\"]}]},{\"@type\":\"BreadcrumbList\",\"@id\":\"https:\/\/www.sousalopes.com\/index.php\/contactos\/#breadcrumb\",\"itemListElement\":[{\"@type\":\"ListItem\",\"position\":1,\"name\":\"In\u00edcio\",\"item\":\"https:\/\/www.sousalopes.com\/\"},{\"@type\":\"ListItem\",\"position\":2,\"name\":\"Contactos\"}]},{\"@type\":\"WebSite\",\"@id\":\"https:\/\/www.sousalopes.com\/#website\",\"url\":\"https:\/\/www.sousalopes.com\/\",\"name\":\"Sousa Lopes Arquitectos\",\"description\":\"Atelier de Arquitectura\",\"publisher\":{\"@id\":\"https:\/\/www.sousalopes.com\/#organization\"},\"potentialAction\":[{\"@type\":\"SearchAction\",\"target\":{\"@type\":\"EntryPoint\",\"urlTemplate\":\"https:\/\/www.sousalopes.com\/?s={search_term_string}\"},\"query-input\":{\"@type\":\"PropertyValueSpecification\",\"valueRequired\":true,\"valueName\":\"search_term_string\"}}],\"inLanguage\":\"pt-PT\"},{\"@type\":\"Organization\",\"@id\":\"https:\/\/www.sousalopes.com\/#organization\",\"name\":\"Sousa Lopes Arquitectos\",\"url\":\"https:\/\/www.sousalopes.com\/\",\"logo\":{\"@type\":\"ImageObject\",\"inLanguage\":\"pt-PT\",\"@id\":\"https:\/\/www.sousalopes.com\/#\/schema\/logo\/image\/\",\"url\":\"https:\/\/crazy-murdock.185-229-61-33.plesk.page\/wp-content\/uploads\/2023\/04\/logo_cinza_10001.png\",\"contentUrl\":\"https:\/\/crazy-murdock.185-229-61-33.plesk.page\/wp-content\/uploads\/2023\/04\/logo_cinza_10001.png\",\"width\":1000,\"height\":104,\"caption\":\"Sousa Lopes Arquitectos\"},\"image\":{\"@id\":\"https:\/\/www.sousalopes.com\/#\/schema\/logo\/image\/\"},\"sameAs\":[\"https:\/\/pt-pt.facebook.com\/sousalopesarquitectos\"]}]}<\/script>\n<!-- \/ Yoast SEO plugin. -->","yoast_head_json":{"title":"Contactos - Arquitectos Sousa Lopes","robots":{"index":"index","follow":"follow","max-snippet":"max-snippet:-1","max-image-preview":"max-image-preview:large","max-video-preview":"max-video-preview:-1"},"canonical":"https:\/\/www.sousalopes.com\/index.php\/contactos\/","og_locale":"pt_PT","og_type":"article","og_title":"Contactos - Arquitectos Sousa Lopes","og_description":"[vc_row full_width=&#8221;stretch_row_content_no_spaces&#8221;][vc_column][vc_banner_title style=&#8221;big&#8221; color_style=&#8221;light&#8221; title=&#8221;CONTACTE-NOS&#8221; img=&#8221;4052&#8243; enable_overlay=&#8221;true&#8221; columns=&#8221;%5B%7B%7D%5D&#8221;][\/vc_banner_title][\/vc_column][\/vc_row][vc_row desctop_mt=&#8221;margin-lg-75t&#8221; tablets_mt=&#8221;margin-sm-50t&#8221;][vc_column offset=&#8221;vc_col-lg-offset-0 vc_col-lg-6 vc_col-md-offset-0 vc_col-md-6 vc_col-sm-offset-0 vc_col-xs-12&#8243;][vc_headings title=&#8221;Vamos come\u00e7ar um novo","og_url":"https:\/\/www.sousalopes.com\/index.php\/contactos\/","og_site_name":"Arquitectos Sousa Lopes","article_publisher":"https:\/\/pt-pt.facebook.com\/sousalopesarquitectos","article_modified_time":"2024-08-29T11:20:51+00:00","twitter_card":"summary_large_image","twitter_misc":{"Tempo estimado de leitura":"1 minuto"},"schema":{"@context":"https:\/\/schema.org","@graph":[{"@type":"WebPage","@id":"https:\/\/www.sousalopes.com\/index.php\/contactos\/","url":"https:\/\/www.sousalopes.com\/index.php\/contactos\/","name":"Contactos - Arquitectos Sousa Lopes","isPartOf":{"@id":"https:\/\/www.sousalopes.com\/#website"},"datePublished":"2017-01-03T16:40:21+00:00","dateModified":"2024-08-29T11:20:51+00:00","breadcrumb":{"@id":"https:\/\/www.sousalopes.com\/index.php\/contactos\/#breadcrumb"},"inLanguage":"pt-PT","potentialAction":[{"@type":"ReadAction","target":["https:\/\/www.sousalopes.com\/index.php\/contactos\/"]}]},{"@type":"BreadcrumbList","@id":"https:\/\/www.sousalopes.com\/index.php\/contactos\/#breadcrumb","itemListElement":[{"@type":"ListItem","position":1,"name":"In\u00edcio","item":"https:\/\/www.sousalopes.com\/"},{"@type":"ListItem","position":2,"name":"Contactos"}]},{"@type":"WebSite","@id":"https:\/\/www.sousalopes.com\/#website","url":"https:\/\/www.sousalopes.com\/","name":"Sousa Lopes Arquitectos","description":"Atelier de Arquitectura","publisher":{"@id":"https:\/\/www.sousalopes.com\/#organization"},"potentialAction":[{"@type":"SearchAction","target":{"@type":"EntryPoint","urlTemplate":"https:\/\/www.sousalopes.com\/?s={search_term_string}"},"query-input":{"@type":"PropertyValueSpecification","valueRequired":true,"valueName":"search_term_string"}}],"inLanguage":"pt-PT"},{"@type":"Organization","@id":"https:\/\/www.sousalopes.com\/#organization","name":"Sousa Lopes Arquitectos","url":"https:\/\/www.sousalopes.com\/","logo":{"@type":"ImageObject","inLanguage":"pt-PT","@id":"https:\/\/www.sousalopes.com\/#\/schema\/logo\/image\/","url":"https:\/\/crazy-murdock.185-229-61-33.plesk.page\/wp-content\/uploads\/2023\/04\/logo_cinza_10001.png","contentUrl":"https:\/\/crazy-murdock.185-229-61-33.plesk.page\/wp-content\/uploads\/2023\/04\/logo_cinza_10001.png","width":1000,"height":104,"caption":"Sousa Lopes Arquitectos"},"image":{"@id":"https:\/\/www.sousalopes.com\/#\/schema\/logo\/image\/"},"sameAs":["https:\/\/pt-pt.facebook.com\/sousalopesarquitectos"]}]}},"jetpack_sharing_enabled":true,"_links":{"self":[{"href":"https:\/\/www.sousalopes.com\/index.php\/wp-json\/wp\/v2\/pages\/118","targetHints":{"allow":["GET"]}}],"collection":[{"href":"https:\/\/www.sousalopes.com\/index.php\/wp-json\/wp\/v2\/pages"}],"about":[{"href":"https:\/\/www.sousalopes.com\/index.php\/wp-json\/wp\/v2\/types\/page"}],"author":[{"embeddable":true,"href":"https:\/\/www.sousalopes.com\/index.php\/wp-json\/wp\/v2\/users\/1"}],"replies":[{"embeddable":true,"href":"https:\/\/www.sousalopes.com\/index.php\/wp-json\/wp\/v2\/comments?post=118"}],"version-history":[{"count":20,"href":"https:\/\/www.sousalopes.com\/index.php\/wp-json\/wp\/v2\/pages\/118\/revisions"}],"predecessor-version":[{"id":4381,"href":"https:\/\/www.sousalopes.com\/index.php\/wp-json\/wp\/v2\/pages\/118\/revisions\/4381"}],"wp:attachment":[{"href":"https:\/\/www.sousalopes.com\/index.php\/wp-json\/wp\/v2\/media?parent=118"}],"curies":[{"name":"wp","href":"https:\/\/api.w.org\/{rel}","templated":true}]}}