{"id":111,"date":"2017-01-03T16:34:36","date_gmt":"2017-01-03T16:34:36","guid":{"rendered":"http:\/\/prague.foxthemes.me\/?page_id=111"},"modified":"2024-01-05T10:25:37","modified_gmt":"2024-01-05T10:25:37","slug":"about-us","status":"publish","type":"page","link":"https:\/\/www.sousalopes.com\/index.php\/about-us\/","title":{"rendered":"Sobre N\u00f3s"},"content":{"rendered":"<section class=\"wpb-content-wrapper\"><p>[vc_row full_width=&#8221;stretch_row_content_no_spaces&#8221;][vc_column][vc_banner_title color_style=&#8221;light&#8221; heading_size=&#8221;h2&#8243; subtitle=&#8221;SOBRE N\u00d3S&#8221; title=&#8221;Somos uma equipa multidisciplinar que conjuga experi\u00eancia e saber com criatividade e irrever\u00eancia.&#8221; img=&#8221;2919&#8243; enable_overlay=&#8221;true&#8221; enable_fullheight=&#8221;true&#8221; columns=&#8221;%5B%7B%7D%5D&#8221;][\/vc_banner_title][\/vc_column][\/vc_row][vc_row desctop_mt=&#8221;margin-lg-15t&#8221; tablets_mt=&#8221;margin-sm-20t&#8221;][vc_column][vc_headings title=&#8221;Respeitamos a arte, as pessoas e os lugares. A nossa arquitectura nasce desse respeito, estabelecendo compromissos entre o homem e o espa\u00e7o que procuramos selar com tra\u00e7os exclusivos e intemporais. Porque n\u00e3o h\u00e1 pessoas iguais, nem os lugares se repetem, abrimos em cada compromisso um novo caminho.&#8221; heading_size=&#8221;h4&#8243;][\/vc_headings][\/vc_column][\/vc_row][vc_row][vc_column][vc_headings title=&#8221;A nossa forma de pensar.&#8221; subtitle=&#8221;FILOSOFIA&#8221;][\/vc_headings][\/vc_column][\/vc_row][vc_row][vc_column][vc_accordion_services items_accordion=&#8221;%5B%7B%22number%22%3A%221%22%2C%22title%22%3A%22PARADOXO%20DA%20ARQUITECTURA%20CONTEMPOR%C3%82NEA%22%2C%22text%22%3A%22Por%20vezes%2C%20na%20arquitectura%2C%20o%20mais%20f%C3%A1cil%20%C3%A9%20fazer%20simples&#8230;%20a%20funcionar%20mal.%20Por%20vezes%20na%20arquitectura%2C%20o%20mais%20dif%C3%ADcil%20%C3%A9%20fazer%20que%20o%20complexo%20pare%C3%A7a%20simples%20e%20f%C3%A1cil.%22%7D%2C%7B%22number%22%3A%222%22%2C%22title%22%3A%22A%20IMPORT%C3%82NCIA%20DA%20ARQUITECTURA%22%2C%22text%22%3A%22A%20arquitectura%20tem%20inequ%C3%ADvoca%20influ%C3%AAncia%20no%20quotidiano%20da%20vida%20em%20sociedade.%20A%20recusa%20desta%20certeza%20e%20a%20nega%C3%A7%C3%A3o%20de%20uma%20vis%C3%A3o%20interdisciplinar%20da%20arquitectura%20t%C3%AAm%20abrido%20feridas%20insan%C3%A1veis%20nas%20nossas%20cidades%2C%20com%20consequ%C3%AAncias%20sociais%20muitas%20vezes%20dram%C3%A1ticas.%5CnA%20arquitectura%20tem%20um%20papel%20determinante%20na%20qualidade%20de%20vida%20das%20pessoas%2C%20no%20sucesso%20de%20uma%20empresa%2C%20na%20harmonia%20de%20uma%20fam%C3%ADlia%20ou%20na%20seguran%C3%A7a%20de%20um%20bairro&#8230;%20A%20arquitectura%20pode%20mesmo%20ditar%20a%20diferen%C3%A7a%20entre%20o%20sucesso%20e%20o%20fracasso.%22%7D%5D&#8221; image=&#8221;4087&#8243;][\/vc_column][\/vc_row][vc_row desctop_mt=&#8221;margin-lg-55t&#8221; tablets_mt=&#8221;margin-sm-20t&#8221;][vc_column][vc_headings heading_size=&#8221;h2&#8243;]<em>Arquitectura de Qualidade<\/em>\u00a0\u00e9 um conceito intemporal. Mas as suas premissas e condicionantes est\u00e3o em permanente muta\u00e7\u00e3o: evoluem os materiais e os m\u00e9todos construtivos, alteram-se os conceitos, muda a legisla\u00e7\u00e3o\u2026 Para acompanhar a velocidade e complexidade deste movimento, partimos da nossa vasta experi\u00eancia no mercado. Pelo caminho, alenta-nos um insaci\u00e1vel desejo de conhecimento e uma vontade de actualiza\u00e7\u00e3o permanente. O ponto de chegada \u00e9 a\u00a0<em>Arquitectura de Qualidade<\/em>\u00a0\u2013 a nossa obsess\u00e3o, o objectivo a que nos propomos todos os dias \u2013 a qualidade intemporal que responda a quest\u00f5es do nosso tempo.<\/p>\n<p><em>\u201cApenas a mudan\u00e7a \u00e9 permanente.\u201d William Fleming<\/em><\/p>\n<p>Temos uma certeza: a arquitectura tem inequ\u00edvoca influ\u00eancia no quotidiano da vida em sociedade. A recusa desta certeza e a nega\u00e7\u00e3o de uma vis\u00e3o interdisciplinar da arquitectura tem aberto feridas insan\u00e1veis nas nossas cidades, com consequ\u00eancias sociais muitas vezes dram\u00e1ticas.<\/p>\n<p>A arquitectura tem um papel determinante na qualidade de vida das pessoas, no sucesso de uma empresa, na harmonia de uma fam\u00edlia ou na seguran\u00e7a de um bairro\u2026 A arquitectura pode mesmo ditar a diferen\u00e7a entre o sucesso e o fracasso.<\/p>\n<p>\u00c9, sem d\u00favida, uma grande responsabilidade dar corpo aos sonhos das pessoas. Mas \u00e9 tamb\u00e9m uma miss\u00e3o apaixonante! \u00c9 com esse sentimento que vivemos e fazemos arquitectura.<\/p>\n<p><em>\u201cInspira\u00e7\u00e3o. Espa\u00e7o, luz e ordem. Essas s\u00e3o as coisas que os homens precisam tanto como o p\u00e3o ou um lugar para dormir.\u201d Le Corbusier<\/em><\/p>\n<p>Faz parte do nosso conceito de rigor e profissionalismo analisar profundamente a especificidade de cada projecto. N\u00e3o h\u00e1 duas pessoas iguais, n\u00e3o h\u00e1 dois terrenos iguais e as \u00e1reas n\u00e3o s\u00e3o s\u00f3 n\u00fameros. \u00c9 esse respeito pela diferen\u00e7a que abre caminho \u00e0 inova\u00e7\u00e3o, n\u00e3o por constituir um objectivo em si mesmo, mas por poder funcionar como um meio de alcan\u00e7ar a melhor resposta a ser dada a um problema em concreto.<\/p>\n<p><em>\u201cA vanguarda n\u00e3o \u00e9 um estilo, \u00e9 uma postura mental.\u201d George Howe<\/em><\/p>\n<p>A defini\u00e7\u00e3o de Arquitectura Contempor\u00e2nea \u00e9 muitas vezes confundida com fotografias apelativas que enchem p\u00e1ginas de revistas. A ilus\u00e3o das imagens e os fen\u00f3menos de moda tornam-se perigosos. A arquitectura n\u00e3o serve para ser observada a duas dimens\u00f5es, mas para ser vivida numa enorme multiplicidade delas. N\u00e3o h\u00e1 nada mais desolador do que a apar\u00eancia sem conte\u00fado.<\/p>\n<p>A arquitectura n\u00e3o se esgota na est\u00e9tica, \u00e9 uma disciplina incalculavelmente abrangente. Lida permanentemente com quest\u00f5es decisivas como a funcionalidade, o conforto, a seguran\u00e7a, a sustentabilidade, a economia ou a durabilidade das constru\u00e7\u00f5es. Deve gerir e solucionar a complexa teia de factores que envolvem um projecto.<\/p>\n<p>\u00c9 a\u00ed que reside o grande paradoxo da Arquitectura Contempor\u00e2nea, dificilmente percept\u00edvel \u00e0 vista desarmada. Por vezes, na arquitectura, o mais f\u00e1cil \u00e9 fazer simples\u2026 a funcionar mal. Por vezes, na arquitectura, o mais dif\u00edcil \u00e9 fazer com que o complexo pare\u00e7a simples e f\u00e1cil.[\/vc_headings][\/vc_column][\/vc_row][vc_row desctop_mt=&#8221;margin-lg-15t&#8221; tablets_mt=&#8221;margin-sm-20t&#8221;][vc_column][vc_headings title=&#8221;PR\u00c9MIOS&#8221; heading_size=&#8221;h2&#8243;][\/vc_headings][\/vc_column][\/vc_row][vc_row][vc_column offset=&#8221;vc_col-md-6&#8243;][vc_awards list_awards=&#8221;%5B%7B%22year%22%3A%222016%22%2C%22title%22%3A%221.%C2%BA%20Lugar%20-%20Concurso%20para%20a%20Elabora%C3%A7%C3%A3o%20do%20Projecto%20dos%20Edif%C3%ADcios%20de%20Salvador%22%2C%22subtitle%22%3A%22Audit%C3%B3rio%2C%20Sede%20dos%20Escuteiros%20e%20Resid%C3%AAncia%20para%20Padres%20Igreja%20Paroquial%20da%20Freguesia%20de%20S%C3%A3o%20Pedro%20de%20Torres%20Novas%20Torres%20Novas%22%2C%22separator%22%3A%22true%22%7D%2C%7B%22year%22%3A%222010%22%2C%22title%22%3A%221.%C2%BA%20Lugar%20-%20Concurso%20de%20Ideias%20para%20Unidade%20de%20Cuidados%20Continuados%22%2C%22subtitle%22%3A%22Santa%20Casa%20da%20Miseric%C3%B3rdia%20de%20Azambuja%22%2C%22separator%22%3A%22true%22%7D%2C%7B%22year%22%3A%222007%22%2C%22title%22%3A%221.%C2%BA%20Lugar%20-%20Pr%C3%A9mio%20Eug%C3%A9nio%20dos%20Santos%20(Categoria%20B%20%E2%80%93%20Edif%C3%ADcios%20Recuperados)%22%2C%22subtitle%22%3A%22C%C3%A2mara%20Municipal%20de%20Alcoba%C3%A7a%20-%20%20Hotel%20Palace%20do%20Capit%C3%A3o%20(Projecto%20original%20do%20arquitecto%20Ernesto%20Korrodi)%20S%C3%A3o%20Martinho%20do%20Porto%22%2C%22separator%22%3A%22true%22%7D%5D&#8221;][\/vc_column][vc_column offset=&#8221;vc_col-md-6&#8243;][vc_awards list_awards=&#8221;%5B%7B%22year%22%3A%222007%22%2C%22title%22%3A%221.%C2%BA%20Lugar%20-%20Concurso%20para%20a%20Concep%C3%A7%C3%A3o%20e%20Execu%C3%A7%C3%A3o%20da%20Requalifica%C3%A7%C3%A3o%20Urbana%20da%20Frente%20de%20Mar%20da%20Praia%20da%20Areia%20Branca%20e%20Foz%20do%20Rio%20Grande%22%2C%22subtitle%22%3A%22C%C3%A2mara%20Municipal%20da%20Lourinh%C3%A3%22%2C%22separator%22%3A%22true%22%7D%2C%7B%22title%22%3A%221.%C2%BA%20Lugar%20-%20Concurso%20para%20a%20requalifica%C3%A7%C3%A3o%20da%20Casa%20do%20Pelourinho%22%2C%22subtitle%22%3A%22C%C3%A2mara%20Municipal%20de%20%C3%93bidos%22%2C%22separator%22%3A%22true%22%7D%2C%7B%22title%22%3A%221.%C2%BA%20Lugar%20-%20Concurso%20para%20a%20concep%C3%A7%C3%A3o%20de%20Resid%C3%AAncia%20de%20Estudantes%22%2C%22subtitle%22%3A%22C%C3%A2mara%20Municipal%20de%20Caldas%20da%20Rainha%22%2C%22separator%22%3A%22true%22%7D%5D&#8221;][\/vc_column][\/vc_row]<\/p>\n<\/section>","protected":false},"excerpt":{"rendered":"<p>[vc_row full_width=&#8221;stretch_row_content_no_spaces&#8221;][vc_column][vc_banner_title color_style=&#8221;light&#8221; heading_size=&#8221;h2&#8243; subtitle=&#8221;SOBRE N\u00d3S&#8221; title=&#8221;Somos uma equipa multidisciplinar que conjuga experi\u00eancia e saber com criatividade e irrever\u00eancia.&#8221; img=&#8221;2919&#8243;<\/p>\n","protected":false},"author":1,"featured_media":0,"parent":0,"menu_order":0,"comment_status":"closed","ping_status":"closed","template":"","meta":{"footnotes":""},"class_list":["post-111","page","type-page","status-publish","hentry"],"yoast_head":"<!-- This site is optimized with the Yoast SEO plugin v26.8 - https:\/\/yoast.com\/product\/yoast-seo-wordpress\/ -->\n<title>Sobre N\u00f3s - Arquitectos Sousa Lopes<\/title>\n<meta name=\"robots\" content=\"index, follow, max-snippet:-1, max-image-preview:large, max-video-preview:-1\" \/>\n<link rel=\"canonical\" href=\"https:\/\/www.sousalopes.com\/index.php\/about-us\/\" \/>\n<meta property=\"og:locale\" content=\"pt_PT\" \/>\n<meta property=\"og:type\" content=\"article\" \/>\n<meta property=\"og:title\" content=\"Sobre N\u00f3s - Arquitectos Sousa Lopes\" \/>\n<meta property=\"og:description\" content=\"[vc_row full_width=&#8221;stretch_row_content_no_spaces&#8221;][vc_column][vc_banner_title color_style=&#8221;light&#8221; heading_size=&#8221;h2&#8243; subtitle=&#8221;SOBRE N\u00d3S&#8221; title=&#8221;Somos uma equipa multidisciplinar que conjuga experi\u00eancia e saber com criatividade e irrever\u00eancia.&#8221; img=&#8221;2919&#8243;\" \/>\n<meta property=\"og:url\" content=\"https:\/\/www.sousalopes.com\/index.php\/about-us\/\" \/>\n<meta property=\"og:site_name\" content=\"Arquitectos Sousa Lopes\" \/>\n<meta property=\"article:publisher\" content=\"https:\/\/pt-pt.facebook.com\/sousalopesarquitectos\" \/>\n<meta property=\"article:modified_time\" content=\"2024-01-05T10:25:37+00:00\" \/>\n<meta name=\"twitter:card\" content=\"summary_large_image\" \/>\n<meta name=\"twitter:label1\" content=\"Tempo estimado de leitura\" \/>\n\t<meta name=\"twitter:data1\" content=\"4 minutos\" \/>\n<script type=\"application\/ld+json\" class=\"yoast-schema-graph\">{\"@context\":\"https:\/\/schema.org\",\"@graph\":[{\"@type\":\"WebPage\",\"@id\":\"https:\/\/www.sousalopes.com\/index.php\/about-us\/\",\"url\":\"https:\/\/www.sousalopes.com\/index.php\/about-us\/\",\"name\":\"Sobre N\u00f3s - Arquitectos Sousa Lopes\",\"isPartOf\":{\"@id\":\"https:\/\/www.sousalopes.com\/#website\"},\"datePublished\":\"2017-01-03T16:34:36+00:00\",\"dateModified\":\"2024-01-05T10:25:37+00:00\",\"breadcrumb\":{\"@id\":\"https:\/\/www.sousalopes.com\/index.php\/about-us\/#breadcrumb\"},\"inLanguage\":\"pt-PT\",\"potentialAction\":[{\"@type\":\"ReadAction\",\"target\":[\"https:\/\/www.sousalopes.com\/index.php\/about-us\/\"]}]},{\"@type\":\"BreadcrumbList\",\"@id\":\"https:\/\/www.sousalopes.com\/index.php\/about-us\/#breadcrumb\",\"itemListElement\":[{\"@type\":\"ListItem\",\"position\":1,\"name\":\"In\u00edcio\",\"item\":\"https:\/\/www.sousalopes.com\/\"},{\"@type\":\"ListItem\",\"position\":2,\"name\":\"Sobre N\u00f3s\"}]},{\"@type\":\"WebSite\",\"@id\":\"https:\/\/www.sousalopes.com\/#website\",\"url\":\"https:\/\/www.sousalopes.com\/\",\"name\":\"Sousa Lopes Arquitectos\",\"description\":\"Atelier de Arquitectura\",\"publisher\":{\"@id\":\"https:\/\/www.sousalopes.com\/#organization\"},\"potentialAction\":[{\"@type\":\"SearchAction\",\"target\":{\"@type\":\"EntryPoint\",\"urlTemplate\":\"https:\/\/www.sousalopes.com\/?s={search_term_string}\"},\"query-input\":{\"@type\":\"PropertyValueSpecification\",\"valueRequired\":true,\"valueName\":\"search_term_string\"}}],\"inLanguage\":\"pt-PT\"},{\"@type\":\"Organization\",\"@id\":\"https:\/\/www.sousalopes.com\/#organization\",\"name\":\"Sousa Lopes Arquitectos\",\"url\":\"https:\/\/www.sousalopes.com\/\",\"logo\":{\"@type\":\"ImageObject\",\"inLanguage\":\"pt-PT\",\"@id\":\"https:\/\/www.sousalopes.com\/#\/schema\/logo\/image\/\",\"url\":\"https:\/\/crazy-murdock.185-229-61-33.plesk.page\/wp-content\/uploads\/2023\/04\/logo_cinza_10001.png\",\"contentUrl\":\"https:\/\/crazy-murdock.185-229-61-33.plesk.page\/wp-content\/uploads\/2023\/04\/logo_cinza_10001.png\",\"width\":1000,\"height\":104,\"caption\":\"Sousa Lopes Arquitectos\"},\"image\":{\"@id\":\"https:\/\/www.sousalopes.com\/#\/schema\/logo\/image\/\"},\"sameAs\":[\"https:\/\/pt-pt.facebook.com\/sousalopesarquitectos\"]}]}<\/script>\n<!-- \/ Yoast SEO plugin. -->","yoast_head_json":{"title":"Sobre N\u00f3s - Arquitectos Sousa Lopes","robots":{"index":"index","follow":"follow","max-snippet":"max-snippet:-1","max-image-preview":"max-image-preview:large","max-video-preview":"max-video-preview:-1"},"canonical":"https:\/\/www.sousalopes.com\/index.php\/about-us\/","og_locale":"pt_PT","og_type":"article","og_title":"Sobre N\u00f3s - Arquitectos Sousa Lopes","og_description":"[vc_row full_width=&#8221;stretch_row_content_no_spaces&#8221;][vc_column][vc_banner_title color_style=&#8221;light&#8221; heading_size=&#8221;h2&#8243; subtitle=&#8221;SOBRE N\u00d3S&#8221; title=&#8221;Somos uma equipa multidisciplinar que conjuga experi\u00eancia e saber com criatividade e irrever\u00eancia.&#8221; img=&#8221;2919&#8243;","og_url":"https:\/\/www.sousalopes.com\/index.php\/about-us\/","og_site_name":"Arquitectos Sousa Lopes","article_publisher":"https:\/\/pt-pt.facebook.com\/sousalopesarquitectos","article_modified_time":"2024-01-05T10:25:37+00:00","twitter_card":"summary_large_image","twitter_misc":{"Tempo estimado de leitura":"4 minutos"},"schema":{"@context":"https:\/\/schema.org","@graph":[{"@type":"WebPage","@id":"https:\/\/www.sousalopes.com\/index.php\/about-us\/","url":"https:\/\/www.sousalopes.com\/index.php\/about-us\/","name":"Sobre N\u00f3s - Arquitectos Sousa Lopes","isPartOf":{"@id":"https:\/\/www.sousalopes.com\/#website"},"datePublished":"2017-01-03T16:34:36+00:00","dateModified":"2024-01-05T10:25:37+00:00","breadcrumb":{"@id":"https:\/\/www.sousalopes.com\/index.php\/about-us\/#breadcrumb"},"inLanguage":"pt-PT","potentialAction":[{"@type":"ReadAction","target":["https:\/\/www.sousalopes.com\/index.php\/about-us\/"]}]},{"@type":"BreadcrumbList","@id":"https:\/\/www.sousalopes.com\/index.php\/about-us\/#breadcrumb","itemListElement":[{"@type":"ListItem","position":1,"name":"In\u00edcio","item":"https:\/\/www.sousalopes.com\/"},{"@type":"ListItem","position":2,"name":"Sobre N\u00f3s"}]},{"@type":"WebSite","@id":"https:\/\/www.sousalopes.com\/#website","url":"https:\/\/www.sousalopes.com\/","name":"Sousa Lopes Arquitectos","description":"Atelier de Arquitectura","publisher":{"@id":"https:\/\/www.sousalopes.com\/#organization"},"potentialAction":[{"@type":"SearchAction","target":{"@type":"EntryPoint","urlTemplate":"https:\/\/www.sousalopes.com\/?s={search_term_string}"},"query-input":{"@type":"PropertyValueSpecification","valueRequired":true,"valueName":"search_term_string"}}],"inLanguage":"pt-PT"},{"@type":"Organization","@id":"https:\/\/www.sousalopes.com\/#organization","name":"Sousa Lopes Arquitectos","url":"https:\/\/www.sousalopes.com\/","logo":{"@type":"ImageObject","inLanguage":"pt-PT","@id":"https:\/\/www.sousalopes.com\/#\/schema\/logo\/image\/","url":"https:\/\/crazy-murdock.185-229-61-33.plesk.page\/wp-content\/uploads\/2023\/04\/logo_cinza_10001.png","contentUrl":"https:\/\/crazy-murdock.185-229-61-33.plesk.page\/wp-content\/uploads\/2023\/04\/logo_cinza_10001.png","width":1000,"height":104,"caption":"Sousa Lopes Arquitectos"},"image":{"@id":"https:\/\/www.sousalopes.com\/#\/schema\/logo\/image\/"},"sameAs":["https:\/\/pt-pt.facebook.com\/sousalopesarquitectos"]}]}},"jetpack_sharing_enabled":true,"_links":{"self":[{"href":"https:\/\/www.sousalopes.com\/index.php\/wp-json\/wp\/v2\/pages\/111","targetHints":{"allow":["GET"]}}],"collection":[{"href":"https:\/\/www.sousalopes.com\/index.php\/wp-json\/wp\/v2\/pages"}],"about":[{"href":"https:\/\/www.sousalopes.com\/index.php\/wp-json\/wp\/v2\/types\/page"}],"author":[{"embeddable":true,"href":"https:\/\/www.sousalopes.com\/index.php\/wp-json\/wp\/v2\/users\/1"}],"replies":[{"embeddable":true,"href":"https:\/\/www.sousalopes.com\/index.php\/wp-json\/wp\/v2\/comments?post=111"}],"version-history":[{"count":36,"href":"https:\/\/www.sousalopes.com\/index.php\/wp-json\/wp\/v2\/pages\/111\/revisions"}],"predecessor-version":[{"id":4375,"href":"https:\/\/www.sousalopes.com\/index.php\/wp-json\/wp\/v2\/pages\/111\/revisions\/4375"}],"wp:attachment":[{"href":"https:\/\/www.sousalopes.com\/index.php\/wp-json\/wp\/v2\/media?parent=111"}],"curies":[{"name":"wp","href":"https:\/\/api.w.org\/{rel}","templated":true}]}}