{"id":100,"date":"2017-01-03T16:25:21","date_gmt":"2017-01-03T16:25:21","guid":{"rendered":"http:\/\/prague.foxthemes.me\/?page_id=100"},"modified":"2024-08-29T11:40:36","modified_gmt":"2024-08-29T11:40:36","slug":"services","status":"publish","type":"page","link":"https:\/\/www.sousalopes.com\/index.php\/services\/","title":{"rendered":"Services"},"content":{"rendered":"<section class=\"wpb-content-wrapper\"><p>[vc_row full_width=&#8221;stretch_row_content_no_spaces&#8221;][vc_column][vc_banner_title color_style=&#8221;light&#8221; heading_size=&#8221;h2&#8243; subtitle=&#8221;SERVI\u00c7OS&#8221; title=&#8221;Oferecemos um alargado leque de servi\u00e7os, garantindo a produ\u00e7\u00e3o de todos os elementos necess\u00e1rios para qualquer tipo de projecto.&#8221; img=&#8221;4056&#8243; enable_overlay=&#8221;true&#8221; enable_fullheight=&#8221;true&#8221; columns=&#8221;%5B%7B%7D%5D&#8221;][\/vc_banner_title][\/vc_column][\/vc_row][vc_row desctop_mt=&#8221;margin-lg-40t&#8221; tablets_mt=&#8221;margin-sm-20t&#8221;][vc_column][\/vc_column][\/vc_row][vc_row][vc_column width=&#8221;1\/2&#8243;][vc_headings heading_size=&#8221;h2&#8243;]<\/p>\n<ul>\n<li>\n<h4>Planeamento Urbano<\/h4>\n<\/li>\n<li>\n<h4>Projectos de Arquitectura<\/h4>\n<\/li>\n<li>\n<h4>Arquitectura de Interiores<\/h4>\n<\/li>\n<li>\n<h4>Projectos de Arquitectura<\/h4>\n<\/li>\n<li>\n<h4>Projectos de Especialidades:<\/h4>\n<\/li>\n<li>Estabilidade<\/li>\n<li>Redes de \u00e1guas e esgotos<\/li>\n<li>Rede el\u00e9ctrica<\/li>\n<li>Rede de g\u00e1s<\/li>\n<li>Ventila\u00e7\u00e3o e Climatiza\u00e7\u00e3o<\/li>\n<li>Instala\u00e7\u00f5es mec\u00e2nicas<\/li>\n<li>TV e telecomunica\u00e7\u00f5es<\/li>\n<li>Comportamento t\u00e9rmico (incluindo certificado energ\u00e9tico)<\/li>\n<li>Ac\u00fastica<\/li>\n<li>Seguran\u00e7a<\/li>\n<li>\n<h4>Arquitectura paisagista<\/h4>\n<\/li>\n<li>\n<h4>Servi\u00e7os complementares aos projectos de arquitectura:<\/h4>\n<\/li>\n<li>Arquitectura de Interiores<\/li>\n<li>Design gr\u00e1fico<\/li>\n<li>Modelos virtuais tridimension<\/li>\n<\/ul>\n<p>[\/vc_headings][\/vc_column][vc_column width=&#8221;1\/2&#8243;][vc_headings heading_size=&#8221;h2&#8243;]<\/p>\n<ul>\n<li>\n<h4>Projectos complementares:<\/h4>\n<\/li>\n<li>Projectos de Ilumina\u00e7\u00e3o (interior e exterior)<\/li>\n<li>Projectos de Intelig\u00eancia \u2013 dom\u00f3tica<\/li>\n<li>Estudos de sustentabilidade energ\u00e9tica<\/li>\n<li>Estudos de consumo, capta\u00e7\u00e3o e reaproveitamento de \u00e1gua<\/li>\n<li>\n<h4>Outros:<\/h4>\n<\/li>\n<li>Medi\u00e7\u00e3o, or\u00e7amenta\u00e7\u00e3o e caderno de encargos<\/li>\n<li>Prepara\u00e7\u00e3o de concursos<\/li>\n<li>Estudos de viabilidade<\/li>\n<li>Pareceres t\u00e9cnicos<\/li>\n<li>\n<h4>Acompanhamento de obra:<\/h4>\n<\/li>\n<li>Assist\u00eancia t\u00e9cnica \u00e0 obra<\/li>\n<li>Fiscaliza\u00e7\u00e3o de obra<\/li>\n<li>Realiza\u00e7\u00e3o de autos de medi\u00e7\u00e3o<\/li>\n<li>Relat\u00f3rios de obra<\/li>\n<li>Registo fotogr\u00e1fico e v\u00eddeo<\/li>\n<li>Acompanhamento de obra online<\/li>\n<li>Book de obra<\/li>\n<\/ul>\n<p>[\/vc_headings][\/vc_column][\/vc_row][vc_row][vc_column][vc_headings title=&#8221;A nossa experi\u00eancia levou-nos a criar servi\u00e7os inovadores, respondendo \u00e0s necessidades do presente. Entre eles destacamos:&#8221; heading_size=&#8221;h2&#8243;][\/vc_headings][vc_headings heading_size=&#8221;h6&#8243;]<\/p>\n<h4>MODELO VIRTUAL TRIDIMENSIONAL DESDE O IN\u00cdCIO DA FASE DE CONCEP\u00c7\u00c3O<\/h4>\n<p>Desde o primeiro dia, desenvolvemos e apresentamos todo o nosso trabalho a partir de modelos 3D. A partir de qualquer ponto do mundo, o cliente poder\u00e1 acompanhar a evolu\u00e7\u00e3o do seu projecto, interagir e integrar-se na caracteriza\u00e7\u00e3o dos espa\u00e7os, volumetrias, formas, materiais e rela\u00e7\u00e3o do edif\u00edcio com a incid\u00eancia solar. Permite a visualiza\u00e7\u00e3o virtual de espa\u00e7os e solu\u00e7\u00f5es, evitando que a realidade traga surpresas desagrad\u00e1veis.<\/p>\n<p>&nbsp;<\/p>\n<h4>ESTUDO DE SUSTENTABILIDADE ENERG\u00c9TICA<\/h4>\n<p>As preocupa\u00e7\u00f5es energ\u00e9ticas est\u00e3o e estar\u00e3o na ordem do dia. Contudo verificamos que, pela enorme variedade e complexidade de propostas e solu\u00e7\u00f5es que o mercado desperta, s\u00e3o muitos os equ\u00edvocos e m\u00faltiplas as confus\u00f5es estabelecidas. Pretendemos clarificar e simplificar as decis\u00f5es do cliente relativamente a esta mat\u00e9ria. Por isso apresentamos um conceito inovador \u2013 um estudo que permite ao cliente escolher esclarecidamente a solu\u00e7\u00e3o que mais se adequa aos seus interesses. Inclui uma an\u00e1lise detalhada e quantificada \u00e0 adapta\u00e7\u00e3o de cada sistema \u00e0s especificidades do edif\u00edcio em causa. De forma simples e clara, ter-se-\u00e1 acesso a todos os custos associados a cada uma das solu\u00e7\u00f5es ao longo do tempo, bem como \u00e0s suas particularidades, n\u00edveis de conforto e enquadramento relativamente \u00e0 classifica\u00e7\u00e3o energ\u00e9tica.<\/p>\n<p>&nbsp;<\/p>\n<h4>LEGALIZA\u00c7\u00c3O DOS PROCESSOS<\/h4>\n<p>Libertamos os nossos clientes da fase de legaliza\u00e7\u00e3o dos processos. Produzimos todos os elementos necess\u00e1rios a cada aprova\u00e7\u00e3o. Encarregamo-nos igualmente de todo o acompanhamento processual junto das entidades a consultar.<\/p>\n<p>&nbsp;<\/p>\n<h4>ACOMPANHAMENTO DE OBRA ONLINE<\/h4>\n<p>Por falta de tempo ou pela barreira da dist\u00e2ncia, muitos dos nossos clientes n\u00e3o t\u00eam possibilidade de se deslocar \u00e0 obra com a regularidade que desejariam.\u00a0 Esta realidade levou-nos a criar um servi\u00e7o de acompanhamento de obra online. Disponibilizamos toda a informa\u00e7\u00e3o relativa \u00e0 obra atrav\u00e9s de plataforma digital. Os nossos clientes poder\u00e3o ter acesso a v\u00eddeos, fotografias, relat\u00f3rios e autos de medi\u00e7\u00e3o, atrav\u00e9s de qualquer ponto do mundo.<\/p>\n<p>&nbsp;<\/p>\n<h4>\u201cBOOK\u201d DE OBRA<\/h4>\n<p>Documento com toda a informa\u00e7\u00e3o relativa \u00e0 constru\u00e7\u00e3o da obra \u2013 fotos, relat\u00f3rios, medi\u00e7\u00f5es, etc. Certificar\u00e1 a qualidade da constru\u00e7\u00e3o, sobretudo relativamente \u00e0s situa\u00e7\u00f5es invis\u00edveis. Poder\u00e1 constituir um precioso aux\u00edlio em interven\u00e7\u00f5es no futuro.<\/p>\n<p>&nbsp;<\/p>\n<h4>QUALIDADE DE CONSTRU\u00c7\u00c3O GARANTIDA \u2013 Prepara\u00e7\u00e3o de Concursos<\/h4>\n<p>Dotamos os processos de todos os elementos necess\u00e1rios para a realiza\u00e7\u00e3o de um concurso para a constru\u00e7\u00e3o da obra. O detalhe dos nossos projectos vincular\u00e1 qualquer empresa construtora a um elevado n\u00edvel de acabamentos, ajudando a assegurar a qualidade do produto final.[\/vc_headings][\/vc_column][\/vc_row][vc_row][vc_column][vc_banner_title][\/vc_banner_title][\/vc_column][\/vc_row]<\/p>\n<\/section>","protected":false},"excerpt":{"rendered":"<p>[vc_row full_width=&#8221;stretch_row_content_no_spaces&#8221;][vc_column][vc_banner_title color_style=&#8221;light&#8221; heading_size=&#8221;h2&#8243; subtitle=&#8221;SERVI\u00c7OS&#8221; title=&#8221;Oferecemos um alargado leque de servi\u00e7os, garantindo a produ\u00e7\u00e3o de todos os elementos necess\u00e1rios para<\/p>\n","protected":false},"author":1,"featured_media":0,"parent":0,"menu_order":0,"comment_status":"closed","ping_status":"closed","template":"","meta":{"footnotes":""},"class_list":["post-100","page","type-page","status-publish","hentry"],"yoast_head":"<!-- This site is optimized with the Yoast SEO plugin v26.8 - https:\/\/yoast.com\/product\/yoast-seo-wordpress\/ -->\n<title>Services - Arquitectos Sousa Lopes<\/title>\n<meta name=\"robots\" content=\"index, follow, max-snippet:-1, max-image-preview:large, max-video-preview:-1\" \/>\n<link rel=\"canonical\" href=\"https:\/\/www.sousalopes.com\/index.php\/services\/\" \/>\n<meta property=\"og:locale\" content=\"pt_PT\" \/>\n<meta property=\"og:type\" content=\"article\" \/>\n<meta property=\"og:title\" content=\"Services - Arquitectos Sousa Lopes\" \/>\n<meta property=\"og:description\" content=\"[vc_row full_width=&#8221;stretch_row_content_no_spaces&#8221;][vc_column][vc_banner_title color_style=&#8221;light&#8221; heading_size=&#8221;h2&#8243; subtitle=&#8221;SERVI\u00c7OS&#8221; title=&#8221;Oferecemos um alargado leque de servi\u00e7os, garantindo a produ\u00e7\u00e3o de todos os elementos necess\u00e1rios para\" \/>\n<meta property=\"og:url\" content=\"https:\/\/www.sousalopes.com\/index.php\/services\/\" \/>\n<meta property=\"og:site_name\" content=\"Arquitectos Sousa Lopes\" \/>\n<meta property=\"article:publisher\" content=\"https:\/\/pt-pt.facebook.com\/sousalopesarquitectos\" \/>\n<meta property=\"article:modified_time\" content=\"2024-08-29T11:40:36+00:00\" \/>\n<meta name=\"twitter:card\" content=\"summary_large_image\" \/>\n<meta name=\"twitter:label1\" content=\"Tempo estimado de leitura\" \/>\n\t<meta name=\"twitter:data1\" content=\"4 minutos\" \/>\n<script type=\"application\/ld+json\" class=\"yoast-schema-graph\">{\"@context\":\"https:\/\/schema.org\",\"@graph\":[{\"@type\":\"WebPage\",\"@id\":\"https:\/\/www.sousalopes.com\/index.php\/services\/\",\"url\":\"https:\/\/www.sousalopes.com\/index.php\/services\/\",\"name\":\"Services - Arquitectos Sousa Lopes\",\"isPartOf\":{\"@id\":\"https:\/\/www.sousalopes.com\/#website\"},\"datePublished\":\"2017-01-03T16:25:21+00:00\",\"dateModified\":\"2024-08-29T11:40:36+00:00\",\"breadcrumb\":{\"@id\":\"https:\/\/www.sousalopes.com\/index.php\/services\/#breadcrumb\"},\"inLanguage\":\"pt-PT\",\"potentialAction\":[{\"@type\":\"ReadAction\",\"target\":[\"https:\/\/www.sousalopes.com\/index.php\/services\/\"]}]},{\"@type\":\"BreadcrumbList\",\"@id\":\"https:\/\/www.sousalopes.com\/index.php\/services\/#breadcrumb\",\"itemListElement\":[{\"@type\":\"ListItem\",\"position\":1,\"name\":\"In\u00edcio\",\"item\":\"https:\/\/www.sousalopes.com\/\"},{\"@type\":\"ListItem\",\"position\":2,\"name\":\"Services\"}]},{\"@type\":\"WebSite\",\"@id\":\"https:\/\/www.sousalopes.com\/#website\",\"url\":\"https:\/\/www.sousalopes.com\/\",\"name\":\"Sousa Lopes Arquitectos\",\"description\":\"Atelier de Arquitectura\",\"publisher\":{\"@id\":\"https:\/\/www.sousalopes.com\/#organization\"},\"potentialAction\":[{\"@type\":\"SearchAction\",\"target\":{\"@type\":\"EntryPoint\",\"urlTemplate\":\"https:\/\/www.sousalopes.com\/?s={search_term_string}\"},\"query-input\":{\"@type\":\"PropertyValueSpecification\",\"valueRequired\":true,\"valueName\":\"search_term_string\"}}],\"inLanguage\":\"pt-PT\"},{\"@type\":\"Organization\",\"@id\":\"https:\/\/www.sousalopes.com\/#organization\",\"name\":\"Sousa Lopes Arquitectos\",\"url\":\"https:\/\/www.sousalopes.com\/\",\"logo\":{\"@type\":\"ImageObject\",\"inLanguage\":\"pt-PT\",\"@id\":\"https:\/\/www.sousalopes.com\/#\/schema\/logo\/image\/\",\"url\":\"https:\/\/crazy-murdock.185-229-61-33.plesk.page\/wp-content\/uploads\/2023\/04\/logo_cinza_10001.png\",\"contentUrl\":\"https:\/\/crazy-murdock.185-229-61-33.plesk.page\/wp-content\/uploads\/2023\/04\/logo_cinza_10001.png\",\"width\":1000,\"height\":104,\"caption\":\"Sousa Lopes Arquitectos\"},\"image\":{\"@id\":\"https:\/\/www.sousalopes.com\/#\/schema\/logo\/image\/\"},\"sameAs\":[\"https:\/\/pt-pt.facebook.com\/sousalopesarquitectos\"]}]}<\/script>\n<!-- \/ Yoast SEO plugin. -->","yoast_head_json":{"title":"Services - Arquitectos Sousa Lopes","robots":{"index":"index","follow":"follow","max-snippet":"max-snippet:-1","max-image-preview":"max-image-preview:large","max-video-preview":"max-video-preview:-1"},"canonical":"https:\/\/www.sousalopes.com\/index.php\/services\/","og_locale":"pt_PT","og_type":"article","og_title":"Services - Arquitectos Sousa Lopes","og_description":"[vc_row full_width=&#8221;stretch_row_content_no_spaces&#8221;][vc_column][vc_banner_title color_style=&#8221;light&#8221; heading_size=&#8221;h2&#8243; subtitle=&#8221;SERVI\u00c7OS&#8221; title=&#8221;Oferecemos um alargado leque de servi\u00e7os, garantindo a produ\u00e7\u00e3o de todos os elementos necess\u00e1rios para","og_url":"https:\/\/www.sousalopes.com\/index.php\/services\/","og_site_name":"Arquitectos Sousa Lopes","article_publisher":"https:\/\/pt-pt.facebook.com\/sousalopesarquitectos","article_modified_time":"2024-08-29T11:40:36+00:00","twitter_card":"summary_large_image","twitter_misc":{"Tempo estimado de leitura":"4 minutos"},"schema":{"@context":"https:\/\/schema.org","@graph":[{"@type":"WebPage","@id":"https:\/\/www.sousalopes.com\/index.php\/services\/","url":"https:\/\/www.sousalopes.com\/index.php\/services\/","name":"Services - Arquitectos Sousa Lopes","isPartOf":{"@id":"https:\/\/www.sousalopes.com\/#website"},"datePublished":"2017-01-03T16:25:21+00:00","dateModified":"2024-08-29T11:40:36+00:00","breadcrumb":{"@id":"https:\/\/www.sousalopes.com\/index.php\/services\/#breadcrumb"},"inLanguage":"pt-PT","potentialAction":[{"@type":"ReadAction","target":["https:\/\/www.sousalopes.com\/index.php\/services\/"]}]},{"@type":"BreadcrumbList","@id":"https:\/\/www.sousalopes.com\/index.php\/services\/#breadcrumb","itemListElement":[{"@type":"ListItem","position":1,"name":"In\u00edcio","item":"https:\/\/www.sousalopes.com\/"},{"@type":"ListItem","position":2,"name":"Services"}]},{"@type":"WebSite","@id":"https:\/\/www.sousalopes.com\/#website","url":"https:\/\/www.sousalopes.com\/","name":"Sousa Lopes Arquitectos","description":"Atelier de Arquitectura","publisher":{"@id":"https:\/\/www.sousalopes.com\/#organization"},"potentialAction":[{"@type":"SearchAction","target":{"@type":"EntryPoint","urlTemplate":"https:\/\/www.sousalopes.com\/?s={search_term_string}"},"query-input":{"@type":"PropertyValueSpecification","valueRequired":true,"valueName":"search_term_string"}}],"inLanguage":"pt-PT"},{"@type":"Organization","@id":"https:\/\/www.sousalopes.com\/#organization","name":"Sousa Lopes Arquitectos","url":"https:\/\/www.sousalopes.com\/","logo":{"@type":"ImageObject","inLanguage":"pt-PT","@id":"https:\/\/www.sousalopes.com\/#\/schema\/logo\/image\/","url":"https:\/\/crazy-murdock.185-229-61-33.plesk.page\/wp-content\/uploads\/2023\/04\/logo_cinza_10001.png","contentUrl":"https:\/\/crazy-murdock.185-229-61-33.plesk.page\/wp-content\/uploads\/2023\/04\/logo_cinza_10001.png","width":1000,"height":104,"caption":"Sousa Lopes Arquitectos"},"image":{"@id":"https:\/\/www.sousalopes.com\/#\/schema\/logo\/image\/"},"sameAs":["https:\/\/pt-pt.facebook.com\/sousalopesarquitectos"]}]}},"jetpack_sharing_enabled":true,"_links":{"self":[{"href":"https:\/\/www.sousalopes.com\/index.php\/wp-json\/wp\/v2\/pages\/100","targetHints":{"allow":["GET"]}}],"collection":[{"href":"https:\/\/www.sousalopes.com\/index.php\/wp-json\/wp\/v2\/pages"}],"about":[{"href":"https:\/\/www.sousalopes.com\/index.php\/wp-json\/wp\/v2\/types\/page"}],"author":[{"embeddable":true,"href":"https:\/\/www.sousalopes.com\/index.php\/wp-json\/wp\/v2\/users\/1"}],"replies":[{"embeddable":true,"href":"https:\/\/www.sousalopes.com\/index.php\/wp-json\/wp\/v2\/comments?post=100"}],"version-history":[{"count":15,"href":"https:\/\/www.sousalopes.com\/index.php\/wp-json\/wp\/v2\/pages\/100\/revisions"}],"predecessor-version":[{"id":4387,"href":"https:\/\/www.sousalopes.com\/index.php\/wp-json\/wp\/v2\/pages\/100\/revisions\/4387"}],"wp:attachment":[{"href":"https:\/\/www.sousalopes.com\/index.php\/wp-json\/wp\/v2\/media?parent=100"}],"curies":[{"name":"wp","href":"https:\/\/api.w.org\/{rel}","templated":true}]}}